{"id":636,"date":"2022-03-28T18:15:40","date_gmt":"2022-03-28T16:15:40","guid":{"rendered":"https:\/\/newmvm.cs-flow.be\/?page_id=636"},"modified":"2022-03-28T18:30:01","modified_gmt":"2022-03-28T16:30:01","slug":"certification-iso-90012015","status":"publish","type":"page","link":"https:\/\/newmvm.cs-flow.be\/index.php\/certification-iso-90012015\/","title":{"rendered":"Certification ISO 9001:2015"},"content":{"rendered":"<p>[vc_row css=\u00a0\u00bb.vc_custom_1647446169593{margin-top: -70px !important;}\u00a0\u00bb][vc_column]\n\t\t\t<!-- START Bandeau location REVOLUTION SLIDER 6.5.19 --><p class=\"rs-p-wp-fix\"><\/p>\n\t\t\t<rs-module-wrap id=\"rev_slider_3_1_wrapper\" data-source=\"gallery\" style=\"visibility:hidden;background:transparent;padding:0;margin:0px auto;margin-top:0;margin-bottom:0;\">\n\t\t\t\t<rs-module id=\"rev_slider_3_1\" style=\"\" data-version=\"6.5.19\">\n\t\t\t\t\t<rs-slides>\n\t\t\t\t\t\t<rs-slide style=\"position: absolute;\" data-key=\"rs-5\" data-title=\"Slide\" data-in=\"o:0;\" data-out=\"a:false;\">\n\t\t\t\t\t\t\t<img decoding=\"async\" src=\"\/\/newmvm.cs-flow.be\/wp-content\/plugins\/revslider\/public\/assets\/assets\/dummy.png\" alt=\"Slide\" title=\"Certification ISO 9001:2015\" class=\"rev-slidebg tp-rs-img rs-lazyload\" data-lazyload=\"\/\/newmvm.cs-flow.be\/wp-content\/plugins\/revslider\/public\/assets\/assets\/transparent.png\" data-no-retina>\n<!--\n\t\t\t\t\t\t\t--><rs-layer\n\t\t\t\t\t\t\t\tid=\"slider-3-slide-5-layer-0\" \n\t\t\t\t\t\t\t\tdata-type=\"image\"\n\t\t\t\t\t\t\t\tdata-rsp_ch=\"on\"\n\t\t\t\t\t\t\t\tdata-xy=\"xo:-477px,-254px,-254px,-254px;yo:-53px,-28px,-28px,-28px;\"\n\t\t\t\t\t\t\t\tdata-text=\"w:normal;s:20,10,10,10;l:0,13,13,13;\"\n\t\t\t\t\t\t\t\tdata-dim=\"w:2765px,1474px,1474px,1474px;h:360px,192px,192px,192px;\"\n\t\t\t\t\t\t\t\tdata-frame_999=\"o:0;st:w;\"\n\t\t\t\t\t\t\t\tstyle=\"z-index:5;\"\n\t\t\t\t\t\t\t><img loading=\"lazy\" decoding=\"async\" src=\"\/\/newmvm.cs-flow.be\/wp-content\/plugins\/revslider\/public\/assets\/assets\/dummy.png\" alt=\"\" class=\"tp-rs-img rs-lazyload\" width=\"1920\" height=\"250\" data-lazyload=\"\/\/newmvm.cs-flow.be\/wp-content\/uploads\/2022\/03\/Bandeau-den-tete-1920X250-1.jpg\" data-no-retina> \n\t\t\t\t\t\t\t<\/rs-layer><!--\n-->\t\t\t\t\t\t<\/rs-slide>\n\t\t\t\t\t<\/rs-slides>\n\t\t\t\t<\/rs-module>\n\t\t\t\t<script>\n\t\t\t\t\tsetREVStartSize({c: 'rev_slider_3_1',rl:[1240,1024,1024,1024],el:[250,768,768,768],gw:[1920,1024,1024,1024],gh:[250,206,206,206],type:'hero',justify:'',layout:'fullwidth',mh:\"0\"});if (window.RS_MODULES!==undefined && window.RS_MODULES.modules!==undefined && window.RS_MODULES.modules[\"revslider31\"]!==undefined) {window.RS_MODULES.modules[\"revslider31\"].once = false;window.revapi3 = undefined;if (window.RS_MODULES.checkMinimal!==undefined) window.RS_MODULES.checkMinimal()}\n\t\t\t\t<\/script>\n\t\t\t<\/rs-module-wrap>\n\t\t\t<!-- END REVOLUTION SLIDER -->\n[\/vc_column][\/vc_row][vc_row][vc_column][vc_empty_space]<div class=\"dt-fancy-separator title-left h1-size style-disabled title-color\" style=\"width: 100%;\"><div class=\"dt-fancy-title\"><span class=\"separator-holder separator-left\"><\/span>Certification ISO 9001:2015<span class=\"separator-holder separator-right\"><\/span><\/div><\/div>[vc_empty_space height=\u00a0\u00bb22px\u00a0\u00bb][vc_separator color=\u00a0\u00bbcustom\u00a0\u00bb align=\u00a0\u00bbalign_left\u00a0\u00bb style=\u00a0\u00bbdashed\u00a0\u00bb border_width=\u00a0\u00bb2&Prime; el_width=\u00a0\u00bb20&Prime; accent_color=\u00a0\u00bb#d36a12&Prime;][\/vc_column][\/vc_row][vc_row][vc_column width=\u00a0\u00bb2\/3&Prime;]<div class=\"dt-fancy-separator title-left h2-size style-disabled title-color\" style=\"width: 100%;\"><div class=\"dt-fancy-title\"><span class=\"separator-holder separator-left\"><\/span>Un garage certifi\u00e9 ISO 9001:2015<span class=\"separator-holder separator-right\"><\/span><\/div><\/div>[vc_column_text]Pour MVM, la qualit\u00e9 est plus qu\u2019un simple concept. Nous mettons tout en \u0153uvre pour garantir la qualit\u00e9 dans tout ce que nous faisons. Histoire que vous puissiez nous faire confiance les yeux ferm\u00e9s\u2026 C\u2019est pourquoi notre garage est certifi\u00e9 ISO 9001:2015 (qui remplace notre ancienne certification ISO 9001:2008).[\/vc_column_text][\/vc_column][vc_column width=\u00a0\u00bb1\/3&Prime;][vc_single_image image=\u00a0\u00bb38&Prime; img_size=\u00a0\u00bbfull\u00a0\u00bb alignment=\u00a0\u00bbcenter\u00a0\u00bb][\/vc_column][\/vc_row][vc_row][vc_column]<div class=\"dt-fancy-separator title-left h3-size style-disabled title-color\" style=\"width: 100%;\"><div class=\"dt-fancy-title\"><span class=\"separator-holder separator-left\"><\/span>Syst\u00e8me de management de la qualit\u00e9<span class=\"separator-holder separator-right\"><\/span><\/div><\/div>[vc_column_text]Pour pouvoir pr\u00e9tendre \u00e0 une certification ISO 9001:2015, MVM a mis en place un syst\u00e8me de management de la qualit\u00e9. L\u2019objectif\u00a0? D\u00e9montrer notre aptitude \u00e0 fournir constamment des produits et services conformes \u00e0 vos exigences et aux exigences l\u00e9gales. Notre but est de sans cesse nous am\u00e9liorer pour accro\u00eetre votre satisfaction. Nous avons obtenu la certification ISO 9001:2015 au terme d\u2019un audit r\u00e9alis\u00e9 par l\u2019organisme de contr\u00f4le CGS.[\/vc_column_text][\/vc_column][\/vc_row][vc_row][vc_column]<div class=\"dt-fancy-separator title-left h3-size style-disabled title-color\" style=\"width: 100%;\"><div class=\"dt-fancy-title\"><span class=\"separator-holder separator-left\"><\/span>Principes de gestion de la qualit\u00e9<span class=\"separator-holder separator-right\"><\/span><\/div><\/div>[vc_column_text]ISO 9001 repose sur divers principes de management de la qualit\u00e9 qui, une fois observ\u00e9s, permettent de syst\u00e9matiquement cr\u00e9er de la valeur pour vous, notre client\u00a0:<\/p>\n<ul>\n<li>Orientation client<\/li>\n<li>Leadership<\/li>\n<li>Implication du personnel<\/li>\n<li>Approche processus<\/li>\n<li>Am\u00e9lioration<\/li>\n<li>Prise de d\u00e9cision fond\u00e9e sur les preuves<\/li>\n<li>Management des relations avec les parties int\u00e9ress\u00e9es<\/li>\n<\/ul>\n<p>[\/vc_column_text][\/vc_column][\/vc_row][vc_row][vc_column]<div class=\"dt-fancy-separator title-left h3-size style-disabled title-color\" style=\"width: 100%;\"><div class=\"dt-fancy-title\"><span class=\"separator-holder separator-left\"><\/span>Un atout ind\u00e9niable pour le client<span class=\"separator-holder separator-right\"><\/span><\/div><\/div>[vc_column_text]En choisissant un garage certifi\u00e9 ISO 9001:2015, vous savez que cette entreprise met le client au centre de ses pr\u00e9occupations et qu\u2019elle cible toujours l\u2019am\u00e9lioration continue. Pour conserver et augmenter votre satisfaction, nous r\u00e9\u00e9valuons chaque ann\u00e9e nos objectifs de qualit\u00e9.[\/vc_column_text][\/vc_column][\/vc_row][vc_row][vc_column][vc_empty_space height=\u00a0\u00bb22px\u00a0\u00bb]<style type=\"text\/css\" data-type=\"the7_shortcodes-inline-css\">#default-btn-4377f1fd235288d956ebd1506f5024bb.ico-right-side > i {\n  margin-right: 0px;\n  margin-left: 8px;\n}\n#default-btn-4377f1fd235288d956ebd1506f5024bb > i {\n  margin-right: 8px;\n}\n<\/style><div class=\"btn-align-center\"><a href=\"#\" class=\"default-btn-shortcode dt-btn dt-btn-l link-hover-off \" id=\"default-btn-4377f1fd235288d956ebd1506f5024bb\"><span>Contactez-nous<\/span><\/a><\/div>[vc_empty_space height=\u00a0\u00bb22px\u00a0\u00bb][\/vc_column][\/vc_row]<\/p>\n","protected":false},"excerpt":{"rendered":"<p>[vc_row css=\u00a0\u00bb.vc_custom_1647446169593{margin-top: -70px !important;}\u00a0\u00bb][vc_column][\/vc_column][\/vc_row][vc_row][vc_column][vc_empty_space][vc_empty_space height=\u00a0\u00bb22px\u00a0\u00bb][vc_separator color=\u00a0\u00bbcustom\u00a0\u00bb align=\u00a0\u00bbalign_left\u00a0\u00bb style=\u00a0\u00bbdashed\u00a0\u00bb border_width=\u00a0\u00bb2&Prime; el_width=\u00a0\u00bb20&Prime; accent_color=\u00a0\u00bb#d36a12&Prime;][\/vc_column][\/vc_row][vc_row][vc_column width=\u00a0\u00bb2\/3&Prime;][vc_column_text]Pour MVM, la qualit\u00e9 est plus qu\u2019un simple concept. Nous mettons tout en \u0153uvre pour garantir la qualit\u00e9 dans tout ce que nous faisons. Histoire que vous puissiez nous faire confiance les yeux ferm\u00e9s\u2026 C\u2019est pourquoi notre garage est certifi\u00e9 ISO 9001:2015 (qui remplace&hellip;<\/p>\n","protected":false},"author":2,"featured_media":0,"parent":0,"menu_order":0,"comment_status":"closed","ping_status":"closed","template":"","meta":{"footnotes":""},"class_list":["post-636","page","type-page","status-publish","hentry","description-off"],"_links":{"self":[{"href":"https:\/\/newmvm.cs-flow.be\/index.php\/wp-json\/wp\/v2\/pages\/636","targetHints":{"allow":["GET"]}}],"collection":[{"href":"https:\/\/newmvm.cs-flow.be\/index.php\/wp-json\/wp\/v2\/pages"}],"about":[{"href":"https:\/\/newmvm.cs-flow.be\/index.php\/wp-json\/wp\/v2\/types\/page"}],"author":[{"embeddable":true,"href":"https:\/\/newmvm.cs-flow.be\/index.php\/wp-json\/wp\/v2\/users\/2"}],"replies":[{"embeddable":true,"href":"https:\/\/newmvm.cs-flow.be\/index.php\/wp-json\/wp\/v2\/comments?post=636"}],"version-history":[{"count":6,"href":"https:\/\/newmvm.cs-flow.be\/index.php\/wp-json\/wp\/v2\/pages\/636\/revisions"}],"predecessor-version":[{"id":643,"href":"https:\/\/newmvm.cs-flow.be\/index.php\/wp-json\/wp\/v2\/pages\/636\/revisions\/643"}],"wp:attachment":[{"href":"https:\/\/newmvm.cs-flow.be\/index.php\/wp-json\/wp\/v2\/media?parent=636"}],"curies":[{"name":"wp","href":"https:\/\/api.w.org\/{rel}","templated":true}]}}