{"id":12,"date":"2022-03-04T11:04:15","date_gmt":"2022-03-04T10:04:15","guid":{"rendered":"http:\/\/newmvm.cs-flow.be\/?page_id=12"},"modified":"2022-04-01T10:25:03","modified_gmt":"2022-04-01T08:25:03","slug":"services","status":"publish","type":"page","link":"https:\/\/newmvm.cs-flow.be\/index.php\/services\/","title":{"rendered":"Services"},"content":{"rendered":"<p>[vc_row css=\u00a0\u00bb.vc_custom_1646926267301{margin-top: -70px !important;}\u00a0\u00bb][vc_column]\n\t\t\t<!-- START bandeau services g\u00e9n\u00e9rique REVOLUTION SLIDER 6.5.19 --><p class=\"rs-p-wp-fix\"><\/p>\n\t\t\t<rs-module-wrap id=\"rev_slider_11_1_wrapper\" data-source=\"gallery\" style=\"visibility:hidden;background:transparent;padding:0;margin:0px auto;margin-top:0;margin-bottom:0;\">\n\t\t\t\t<rs-module id=\"rev_slider_11_1\" style=\"\" data-version=\"6.5.19\">\n\t\t\t\t\t<rs-slides>\n\t\t\t\t\t\t<rs-slide style=\"position: absolute;\" data-key=\"rs-13\" data-title=\"Slide\" data-in=\"o:0;\" data-out=\"a:false;\">\n\t\t\t\t\t\t\t<img decoding=\"async\" src=\"\/\/newmvm.cs-flow.be\/wp-content\/plugins\/revslider\/public\/assets\/assets\/dummy.png\" alt=\"Slide\" title=\"Services\" class=\"rev-slidebg tp-rs-img rs-lazyload\" data-lazyload=\"\/\/newmvm.cs-flow.be\/wp-content\/plugins\/revslider\/public\/assets\/assets\/transparent.png\" data-no-retina>\n<!--\n\t\t\t\t\t\t\t--><rs-layer\n\t\t\t\t\t\t\t\tid=\"slider-11-slide-13-layer-0\" \n\t\t\t\t\t\t\t\tdata-type=\"image\"\n\t\t\t\t\t\t\t\tdata-rsp_ch=\"on\"\n\t\t\t\t\t\t\t\tdata-text=\"w:normal;\"\n\t\t\t\t\t\t\t\tdata-dim=\"w:1920px;h:250px;\"\n\t\t\t\t\t\t\t\tdata-frame_999=\"o:0;st:w;\"\n\t\t\t\t\t\t\t\tstyle=\"z-index:5;\"\n\t\t\t\t\t\t\t><img loading=\"lazy\" decoding=\"async\" src=\"\/\/newmvm.cs-flow.be\/wp-content\/plugins\/revslider\/public\/assets\/assets\/dummy.png\" alt=\"garage poids lourds et utilitaires\" class=\"tp-rs-img rs-lazyload\" width=\"1920\" height=\"250\" data-lazyload=\"\/\/newmvm.cs-flow.be\/wp-content\/uploads\/2022\/03\/services-garage-mvm-poids-lourds-utilitaires.jpg\" data-no-retina> \n\t\t\t\t\t\t\t<\/rs-layer><!--\n-->\t\t\t\t\t\t<\/rs-slide>\n\t\t\t\t\t<\/rs-slides>\n\t\t\t\t<\/rs-module>\n\t\t\t\t<script>\n\t\t\t\t\tsetREVStartSize({c: 'rev_slider_11_1',rl:[1240,1024,778,480],el:[250],gw:[1920],gh:[250],type:'hero',justify:'',layout:'fullwidth',mh:\"0\"});if (window.RS_MODULES!==undefined && window.RS_MODULES.modules!==undefined && window.RS_MODULES.modules[\"revslider111\"]!==undefined) {window.RS_MODULES.modules[\"revslider111\"].once = false;window.revapi11 = undefined;if (window.RS_MODULES.checkMinimal!==undefined) window.RS_MODULES.checkMinimal()}\n\t\t\t\t<\/script>\n\t\t\t<\/rs-module-wrap>\n\t\t\t<!-- END REVOLUTION SLIDER -->\n[\/vc_column][\/vc_row][vc_row][vc_column el_id=\u00a0\u00bbh1-services\u00a0\u00bb]<div class=\"ult-spacer spacer-69e9c03e2b723\" data-id=\"69e9c03e2b723\" data-height=\"22\" data-height-mobile=\"22\" data-height-tab=\"22\" data-height-tab-portrait=\"\" data-height-mobile-landscape=\"\" style=\"clear:both;display:block;\"><\/div><div class=\"dt-fancy-separator h1-size title-color\" style=\"width: 100%;\"><div class=\"dt-fancy-title\"><span class=\"separator-holder separator-left\" style=\"border-color: #3b4a50;\"><\/span>MVM, votre garage poids lourds et utilitaires en m\u00e9canique, carrosserie, hayons \u00e9l\u00e9vateurs, am\u00e9nagement, caisson Vebabox, chauffage et climatisation<span class=\"separator-holder separator-right\" style=\"border-color: #3b4a50;\"><\/span><\/div><\/div><div class=\"ult-spacer spacer-69e9c03e2b7c9\" data-id=\"69e9c03e2b7c9\" data-height=\"22\" data-height-mobile=\"22\" data-height-tab=\"22\" data-height-tab-portrait=\"\" data-height-mobile-landscape=\"\" style=\"clear:both;display:block;\"><\/div>[vc_separator color=\u00a0\u00bbcustom\u00a0\u00bb style=\u00a0\u00bbdashed\u00a0\u00bb border_width=\u00a0\u00bb2&Prime; el_width=\u00a0\u00bb20&Prime; accent_color=\u00a0\u00bb#d36a12&Prime;][\/vc_column][\/vc_row][vc_row][vc_column width=\u00a0\u00bb1\/2&Prime;][vc_single_image image=\u00a0\u00bb751&Prime; img_size=\u00a0\u00bbfull\u00a0\u00bb onclick=\u00a0\u00bbcustom_link\u00a0\u00bb css_animation=\u00a0\u00bbnone\u00a0\u00bb link=\u00a0\u00bbhttps:\/\/newmvm.cs-flow.be\/index.php\/mecanique-generale\/\u00a0\u00bb el_class=\u00a0\u00bbimg-services\u00a0\u00bb]<div id=\"ultimate-heading-876669e9c03e2b888\" class=\"uvc-heading ult-adjust-bottom-margin ultimate-heading-876669e9c03e2b888 uvc-1529 \" data-hspacer=\"no_spacer\"  data-halign=\"left\" style=\"text-align:left\"><div class=\"uvc-heading-spacer no_spacer\" style=\"top\"><\/div><div class=\"uvc-main-heading ult-responsive\"  data-ultimate-target='.uvc-heading.ultimate-heading-876669e9c03e2b888 h2'  data-responsive-json-new='{\"font-size\":\"desktop:24px;\",\"line-height\":\"\"}' ><h2 style=\"--font-weight:theme;color:#2f454b;margin-bottom:5px;\">M\u00e9canique g\u00e9n\u00e9rale<\/h2><\/div><\/div>[vc_column_text]<\/p>\n<p style=\"text-align: left;\">Agent IVECO et se charge \u00e9galement de l\u2019entretien et de la r\u00e9paration des v\u00e9hicules neufs et d\u2019occasion de toutes marques<\/p>\n<p>[\/vc_column_text]<div class=\"aio-icon-component  vc_custom_1648547719323   style_2\"><a class=\"aio-icon-box-link\" href=\"https:\/\/newmvm.cs-flow.be\/index.php\/mecanique-generale\/\" title=\"M\u00e9canique g\u00e9n\u00e9rale\" ><div id=\"Info-box-wrap-3150\" class=\"aio-icon-box default-icon\" style=\"\"  ><div class=\"aio-icon-description ult-responsive\"  data-ultimate-target='#Info-box-wrap-3150 .aio-icon-description'  data-responsive-json-new='{\"font-size\":\"\",\"line-height\":\"\"}'  style=\"\">En savoir plus<\/div> <!-- description --><\/div> <!-- aio-icon-box --><\/a><\/div> <!-- aio-icon-component -->[\/vc_column][vc_column width=\u00a0\u00bb1\/2&Prime;][vc_single_image image=\u00a0\u00bb103&Prime; img_size=\u00a0\u00bb600&#215;140&Prime; onclick=\u00a0\u00bbcustom_link\u00a0\u00bb css_animation=\u00a0\u00bbnone\u00a0\u00bb link=\u00a0\u00bbhttps:\/\/newmvm.cs-flow.be\/index.php\/mecanique-generale\/\u00a0\u00bb el_class=\u00a0\u00bbimg-services\u00a0\u00bb]<div id=\"ultimate-heading-168369e9c03e2d521\" class=\"uvc-heading ult-adjust-bottom-margin ultimate-heading-168369e9c03e2d521 uvc-7140 \" data-hspacer=\"no_spacer\"  data-halign=\"left\" style=\"text-align:left\"><div class=\"uvc-heading-spacer no_spacer\" style=\"top\"><\/div><div class=\"uvc-main-heading ult-responsive\"  data-ultimate-target='.uvc-heading.ultimate-heading-168369e9c03e2d521 h2'  data-responsive-json-new='{\"font-size\":\"desktop:24px;\",\"line-height\":\"\"}' ><h2 style=\"--font-weight:theme;color:#2f454b;margin-bottom:5px;\">Carrosserie<\/h2><\/div><\/div>[vc_column_text]<\/p>\n<p style=\"text-align: left;\">Agent IVECO et se charge \u00e9galement de l\u2019entretien et de la r\u00e9paration des v\u00e9hicules neufs et d\u2019occasion de toutes marques<\/p>\n<p>[\/vc_column_text]<div class=\"aio-icon-component  vc_custom_1648548475402   style_2\"><a class=\"aio-icon-box-link\" href=\"https:\/\/newmvm.cs-flow.be\/index.php\/carrosserie\/\" title=\"Carrosserie\" ><div id=\"Info-box-wrap-2024\" class=\"aio-icon-box default-icon\" style=\"\"  ><div class=\"aio-icon-description ult-responsive\"  data-ultimate-target='#Info-box-wrap-2024 .aio-icon-description'  data-responsive-json-new='{\"font-size\":\"\",\"line-height\":\"\"}'  style=\"\">En savoir plus<\/div> <!-- description --><\/div> <!-- aio-icon-box --><\/a><\/div> <!-- aio-icon-component -->[\/vc_column][\/vc_row][vc_row][vc_column width=\u00a0\u00bb1\/2&Prime;][vc_single_image image=\u00a0\u00bb103&Prime; img_size=\u00a0\u00bb600&#215;140&Prime; onclick=\u00a0\u00bbcustom_link\u00a0\u00bb css_animation=\u00a0\u00bbnone\u00a0\u00bb link=\u00a0\u00bbhttps:\/\/newmvm.cs-flow.be\/index.php\/mecanique-generale\/\u00a0\u00bb el_class=\u00a0\u00bbimg-services\u00a0\u00bb]<div id=\"ultimate-heading-252969e9c03e2d6a1\" class=\"uvc-heading ult-adjust-bottom-margin ultimate-heading-252969e9c03e2d6a1 uvc-1364 \" data-hspacer=\"no_spacer\"  data-halign=\"left\" style=\"text-align:left\"><div class=\"uvc-heading-spacer no_spacer\" style=\"top\"><\/div><div class=\"uvc-main-heading ult-responsive\"  data-ultimate-target='.uvc-heading.ultimate-heading-252969e9c03e2d6a1 h2'  data-responsive-json-new='{\"font-size\":\"desktop:24px;\",\"line-height\":\"\"}' ><h2 style=\"--font-weight:theme;color:#2f454b;margin-bottom:5px;\">Hayons \u00e9l\u00e9vateurs<\/h2><\/div><\/div>[vc_column_text]MVM est sp\u00e9cialiste dans la vente, le d\u00e9pannage, l\u2019entretien et le contr\u00f4le de hayons \u00e9l\u00e9vateurs neufs et d\u2019occasion. Agent agr\u00e9\u00e9 <a href=\"http:\/\/www.dhollandia.be\/FR\/fr\">DHOLLANDIA<\/a>.[\/vc_column_text]<div class=\"aio-icon-component  vc_custom_1648548493677   style_2\"><a class=\"aio-icon-box-link\" href=\"https:\/\/newmvm.cs-flow.be\/index.php\/hayons-elevateurs\/\" title=\"Hayons \u00e9l\u00e9vateurs\" ><div id=\"Info-box-wrap-9535\" class=\"aio-icon-box default-icon\" style=\"\"  ><div class=\"aio-icon-description ult-responsive\"  data-ultimate-target='#Info-box-wrap-9535 .aio-icon-description'  data-responsive-json-new='{\"font-size\":\"\",\"line-height\":\"\"}'  style=\"\">En savoir plus<\/div> <!-- description --><\/div> <!-- aio-icon-box --><\/a><\/div> <!-- aio-icon-component -->[\/vc_column][vc_column width=\u00a0\u00bb1\/2&Prime;][vc_single_image image=\u00a0\u00bb103&Prime; img_size=\u00a0\u00bb600&#215;140&Prime; onclick=\u00a0\u00bbcustom_link\u00a0\u00bb css_animation=\u00a0\u00bbnone\u00a0\u00bb link=\u00a0\u00bbhttps:\/\/newmvm.cs-flow.be\/index.php\/mecanique-generale\/\u00a0\u00bb el_class=\u00a0\u00bbimg-services\u00a0\u00bb]<div id=\"ultimate-heading-227669e9c03e2d783\" class=\"uvc-heading ult-adjust-bottom-margin ultimate-heading-227669e9c03e2d783 uvc-838 \" data-hspacer=\"no_spacer\"  data-halign=\"left\" style=\"text-align:left\"><div class=\"uvc-heading-spacer no_spacer\" style=\"top\"><\/div><div class=\"uvc-main-heading ult-responsive\"  data-ultimate-target='.uvc-heading.ultimate-heading-227669e9c03e2d783 h2'  data-responsive-json-new='{\"font-size\":\"desktop:24px;\",\"line-height\":\"\"}' ><h2 style=\"--font-weight:theme;color:#2f454b;margin-bottom:5px;\">Am\u00e9nagement de v\u00e9hicules utilitaires<\/h2><\/div><div class=\"uvc-sub-heading ult-responsive\"  data-ultimate-target='.uvc-heading.ultimate-heading-227669e9c03e2d783 .uvc-sub-heading '  data-responsive-json-new='{\"font-size\":\"\",\"line-height\":\"\"}'  style=\"font-weight:normal;\">MVM se charge de l&rsquo;am\u00e9nagement et la transformation de votre v\u00e9hicule utilitaire avec du mat\u00e9riel de qualit\u00e9 des marques Modul-System ou GEMA.<\/div><\/div>[vc_column_text]<\/p>\n<p style=\"text-align: left;\">Agent IVECO et se charge \u00e9galement de l\u2019entretien et de la r\u00e9paration des v\u00e9hicules neufs et d\u2019occasion de toutes marques<\/p>\n<p>[\/vc_column_text]<div class=\"aio-icon-component  vc_custom_1648548535762   style_2\"><a class=\"aio-icon-box-link\" href=\"https:\/\/newmvm.cs-flow.be\/index.php\/amenagement\/\" title=\"Am\u00e9nagement\" ><div id=\"Info-box-wrap-1073\" class=\"aio-icon-box default-icon\" style=\"\"  ><div class=\"aio-icon-description ult-responsive\"  data-ultimate-target='#Info-box-wrap-1073 .aio-icon-description'  data-responsive-json-new='{\"font-size\":\"\",\"line-height\":\"\"}'  style=\"\">En savoir plus<\/div> <!-- description --><\/div> <!-- aio-icon-box --><\/a><\/div> <!-- aio-icon-component -->[\/vc_column][\/vc_row][vc_row][vc_column width=\u00a0\u00bb1\/2&Prime;][vc_single_image image=\u00a0\u00bb103&Prime; img_size=\u00a0\u00bb600&#215;140&Prime; onclick=\u00a0\u00bbcustom_link\u00a0\u00bb css_animation=\u00a0\u00bbnone\u00a0\u00bb link=\u00a0\u00bbhttps:\/\/newmvm.cs-flow.be\/index.php\/mecanique-generale\/\u00a0\u00bb el_class=\u00a0\u00bbimg-services\u00a0\u00bb]<div id=\"ultimate-heading-837769e9c03e2d8a2\" class=\"uvc-heading ult-adjust-bottom-margin ultimate-heading-837769e9c03e2d8a2 uvc-927 \" data-hspacer=\"no_spacer\"  data-halign=\"left\" style=\"text-align:left\"><div class=\"uvc-heading-spacer no_spacer\" style=\"top\"><\/div><div class=\"uvc-main-heading ult-responsive\"  data-ultimate-target='.uvc-heading.ultimate-heading-837769e9c03e2d8a2 h2'  data-responsive-json-new='{\"font-size\":\"desktop:24px;\",\"line-height\":\"\"}' ><h2 style=\"--font-weight:theme;color:#2f454b;margin-bottom:5px;\">Caisson Vebabox<\/h2><\/div><\/div>[vc_column_text]Nous vous installons un conteneur frigorifique pour un v\u00e9hicule utilitaire qui vous permet de transporter des produits entre -18\u00b0C et +25\u00b0C.[\/vc_column_text]<div class=\"aio-icon-component  vc_custom_1648548569776   style_2\"><a class=\"aio-icon-box-link\" href=\"https:\/\/newmvm.cs-flow.be\/index.php\/caisson-vebabox\/\" title=\"Caisson Vebabox\" ><div id=\"Info-box-wrap-6955\" class=\"aio-icon-box default-icon\" style=\"\"  ><div class=\"aio-icon-description ult-responsive\"  data-ultimate-target='#Info-box-wrap-6955 .aio-icon-description'  data-responsive-json-new='{\"font-size\":\"\",\"line-height\":\"\"}'  style=\"\">En savoir plus<\/div> <!-- description --><\/div> <!-- aio-icon-box --><\/a><\/div> <!-- aio-icon-component -->[\/vc_column][vc_column width=\u00a0\u00bb1\/2&Prime;][vc_single_image image=\u00a0\u00bb103&Prime; img_size=\u00a0\u00bb600&#215;140&Prime; onclick=\u00a0\u00bbcustom_link\u00a0\u00bb css_animation=\u00a0\u00bbnone\u00a0\u00bb link=\u00a0\u00bbhttps:\/\/newmvm.cs-flow.be\/index.php\/mecanique-generale\/\u00a0\u00bb el_class=\u00a0\u00bbimg-services\u00a0\u00bb]<div id=\"ultimate-heading-199169e9c03e2d97f\" class=\"uvc-heading ult-adjust-bottom-margin ultimate-heading-199169e9c03e2d97f uvc-7074 \" data-hspacer=\"no_spacer\"  data-halign=\"left\" style=\"text-align:left\"><div class=\"uvc-heading-spacer no_spacer\" style=\"top\"><\/div><div class=\"uvc-main-heading ult-responsive\"  data-ultimate-target='.uvc-heading.ultimate-heading-199169e9c03e2d97f h2'  data-responsive-json-new='{\"font-size\":\"desktop:24px;\",\"line-height\":\"\"}' ><h2 style=\"--font-weight:theme;color:#2f454b;margin-bottom:5px;\">Chauffage &amp; Airco<\/h2><\/div><\/div>[vc_column_text]Nous \u00e9quipons, entretenons et d\u00e9pannons vos v\u00e9hicules avec des syst\u00e8mes performants de la marque Webasto.[\/vc_column_text]<div class=\"aio-icon-component  vc_custom_1648548586790   style_2\"><a class=\"aio-icon-box-link\" href=\"https:\/\/newmvm.cs-flow.be\/index.php\/chauffage-airco\/\" title=\"Chauffage &amp; Airco\" ><div id=\"Info-box-wrap-2231\" class=\"aio-icon-box default-icon\" style=\"\"  ><div class=\"aio-icon-description ult-responsive\"  data-ultimate-target='#Info-box-wrap-2231 .aio-icon-description'  data-responsive-json-new='{\"font-size\":\"\",\"line-height\":\"\"}'  style=\"\">En savoir plus<\/div> <!-- description --><\/div> <!-- aio-icon-box --><\/a><\/div> <!-- aio-icon-component -->[\/vc_column][\/vc_row][vc_row][vc_column width=\u00a0\u00bb1\/2&Prime;][vc_single_image image=\u00a0\u00bb103&Prime; img_size=\u00a0\u00bb600&#215;140&Prime; onclick=\u00a0\u00bbcustom_link\u00a0\u00bb css_animation=\u00a0\u00bbnone\u00a0\u00bb link=\u00a0\u00bbhttps:\/\/newmvm.cs-flow.be\/index.php\/mecanique-generale\/\u00a0\u00bb el_class=\u00a0\u00bbimg-services\u00a0\u00bb]<div id=\"ultimate-heading-986169e9c03e2da94\" class=\"uvc-heading ult-adjust-bottom-margin ultimate-heading-986169e9c03e2da94 uvc-136 \" data-hspacer=\"no_spacer\"  data-halign=\"left\" style=\"text-align:left\"><div class=\"uvc-heading-spacer no_spacer\" style=\"top\"><\/div><div class=\"uvc-main-heading ult-responsive\"  data-ultimate-target='.uvc-heading.ultimate-heading-986169e9c03e2da94 h2'  data-responsive-json-new='{\"font-size\":\"desktop:24px;\",\"line-height\":\"\"}' ><h2 style=\"--font-weight:theme;color:#2f454b;margin-bottom:5px;\">Vente<\/h2><\/div><div class=\"uvc-sub-heading ult-responsive\"  data-ultimate-target='.uvc-heading.ultimate-heading-986169e9c03e2da94 .uvc-sub-heading '  data-responsive-json-new='{\"font-size\":\"\",\"line-height\":\"\"}'  style=\"font-weight:normal;\">Achetez un un utilitaire l\u00e9ger ou lourd IVECO, le leader mondial dans la production de v\u00e9hicules commerciaux et industriels<\/div><\/div>[vc_column_text]<\/p>\n<p style=\"text-align: left;\">Agent IVECO et se charge \u00e9galement de l\u2019entretien et de la r\u00e9paration des v\u00e9hicules neufs et d\u2019occasion de toutes marques<\/p>\n<p>[\/vc_column_text]<div class=\"aio-icon-component  vc_custom_1648548606044   style_2\"><a class=\"aio-icon-box-link\" href=\"https:\/\/newmvm.cs-flow.be\/index.php\/vente\/\" title=\"Vente\" ><div id=\"Info-box-wrap-7422\" class=\"aio-icon-box default-icon\" style=\"\"  ><div class=\"aio-icon-description ult-responsive\"  data-ultimate-target='#Info-box-wrap-7422 .aio-icon-description'  data-responsive-json-new='{\"font-size\":\"\",\"line-height\":\"\"}'  style=\"\">En savoir plus<\/div> <!-- description --><\/div> <!-- aio-icon-box --><\/a><\/div> <!-- aio-icon-component -->[\/vc_column][vc_column width=\u00a0\u00bb1\/2&Prime;][vc_single_image image=\u00a0\u00bb103&Prime; img_size=\u00a0\u00bb600&#215;140&Prime; onclick=\u00a0\u00bbcustom_link\u00a0\u00bb css_animation=\u00a0\u00bbnone\u00a0\u00bb link=\u00a0\u00bbhttps:\/\/newmvm.cs-flow.be\/index.php\/mecanique-generale\/\u00a0\u00bb el_class=\u00a0\u00bbimg-services\u00a0\u00bb]<div id=\"ultimate-heading-722969e9c03e2db9e\" class=\"uvc-heading ult-adjust-bottom-margin ultimate-heading-722969e9c03e2db9e uvc-5396 \" data-hspacer=\"no_spacer\"  data-halign=\"left\" style=\"text-align:left\"><div class=\"uvc-heading-spacer no_spacer\" style=\"top\"><\/div><div class=\"uvc-main-heading ult-responsive\"  data-ultimate-target='.uvc-heading.ultimate-heading-722969e9c03e2db9e h2'  data-responsive-json-new='{\"font-size\":\"desktop:24px;\",\"line-height\":\"\"}' ><h2 style=\"--font-weight:theme;color:#2f454b;margin-bottom:5px;\">Location<\/h2><\/div><\/div>[vc_column_text]Agent G-rent, location de v\u00e9hicules \u00e0 court et moyen terme.[\/vc_column_text]<div class=\"aio-icon-component  vc_custom_1648548623451   style_2\"><a class=\"aio-icon-box-link\" href=\"https:\/\/newmvm.cs-flow.be\/index.php\/location\/\" title=\"Location\" ><div id=\"Info-box-wrap-3031\" class=\"aio-icon-box default-icon\" style=\"\"  ><div class=\"aio-icon-description ult-responsive\"  data-ultimate-target='#Info-box-wrap-3031 .aio-icon-description'  data-responsive-json-new='{\"font-size\":\"\",\"line-height\":\"\"}'  style=\"\">En savoir plus<\/div> <!-- description --><\/div> <!-- aio-icon-box --><\/a><\/div> <!-- aio-icon-component -->[\/vc_column][\/vc_row][vc_row][vc_column]<div class=\"ult-spacer spacer-69e9c03e2ecf9\" data-id=\"69e9c03e2ecf9\" data-height=\"34\" data-height-mobile=\"34\" data-height-tab=\"34\" data-height-tab-portrait=\"\" data-height-mobile-landscape=\"\" style=\"clear:both;display:block;\"><\/div><div id=\"ultib3-174529466369e9c03e2ed62\" class=\" ultb3-box ult-adjust-bottom-margin banner-realisations \" style=\"background-color: #2f454b;\"><div id=\"Info-banner-wrap6125\" class=\"ultb3-info ib3-info-center\" data-animation=\"\" data-animation-delay=\"03\"><div class=\"ultb3-title ult-responsive\"  data-ultimate-target='#Info-banner-wrap6125 .ultb3-title'  data-responsive-json-new='{\"font-size\":\"\",\"line-height\":\"\"}'  style=\"font-weight:normal;color:#ffffff;\">D\u00e9couvrez nos r\u00e9alisations<\/div><a href=\"https:\/\/newmvm.cs-flow.be\/index.php\/realisations\/\" title=\"R\u00e9alisations\"  class=\"ultb3-btn ult-responsive\"  data-ultimate-target='#Info-banner-wrap6125 .ultb3-btn'  data-responsive-json-new='{\"font-size\":\"\",\"line-height\":\"\"}'  style=\"font-weight:normal;\">Voir nos r\u00e9alisations<i class=\"Defaults-angle-right\"><\/i><\/a><\/div><\/div><style>\n\t\t\t\t\t#ultib3-174529466369e9c03e2ed62 {\n\t\t\t\t\t\tmin-height:50px;\n\t\t\t\t\t}\n\t\t\t\t\t#ultib3-174529466369e9c03e2ed62 img.ultb3-img {\n\t\t\t\t\t\theight: px;\n\t\t\t\t\t}\n\t\t\t\t\t#ultib3-174529466369e9c03e2ed62 .ultb3-btn {\n\t\t\t\t\t\tborder:2px solid #d36a12;border-radius:40px;color:#ffffff;\n\t\t\t\t\t}\n\t\t\t\t\t#ultib3-174529466369e9c03e2ed62 .ultb3-btn:hover {\n\t\t\t\t\t\tbackground:#d36a12;color:#ffffff;\n\t\t\t\t\t}\n\t\t\t\t<\/style>[\/vc_column][\/vc_row][vc_row][vc_column]<div class=\"dt-fancy-separator h2-size style-disabled title-color\" style=\"width: 100%;\"><div class=\"dt-fancy-title\"><span class=\"separator-holder separator-left\"><\/span>Notre promesse<span class=\"separator-holder separator-right\"><\/span><\/div><\/div><div class=\"ult-spacer spacer-69e9c03e2edd0\" data-id=\"69e9c03e2edd0\" data-height=\"34\" data-height-mobile=\"34\" data-height-tab=\"34\" data-height-tab-portrait=\"\" data-height-mobile-landscape=\"\" style=\"clear:both;display:block;\"><\/div>[\/vc_column][\/vc_row][vc_row css=\u00a0\u00bb.vc_custom_1648115530925{margin-bottom: 40px !important;}\u00a0\u00bb][vc_column width=\u00a0\u00bb1\/3&Prime; css=\u00a0\u00bb.vc_custom_1647338798479{margin-bottom: 40px !important;}\u00a0\u00bb offset=\u00a0\u00bbvc_col-md-4 vc_col-xs-4&Prime;][vc_single_image image=\u00a0\u00bb135&Prime; img_size=\u00a0\u00bb80&#215;80&Prime; alignment=\u00a0\u00bbcenter\u00a0\u00bb]<div class=\"dt-fancy-separator h3-size style-disabled title-color\" style=\"width: 100%;\"><div class=\"dt-fancy-title\"><span class=\"separator-holder separator-left\"><\/span>Qualit\u00e9<span class=\"separator-holder separator-right\"><\/span><\/div><\/div>[\/vc_column][vc_column width=\u00a0\u00bb1\/3&Prime; css=\u00a0\u00bb.vc_custom_1647338876304{margin-bottom: 40px !important;}\u00a0\u00bb offset=\u00a0\u00bbvc_col-md-4 vc_col-xs-4&Prime;][vc_single_image image=\u00a0\u00bb136&Prime; img_size=\u00a0\u00bb80&#215;80&Prime; alignment=\u00a0\u00bbcenter\u00a0\u00bb]<div class=\"dt-fancy-separator h3-size style-disabled title-color\" style=\"width: 100%;\"><div class=\"dt-fancy-title\"><span class=\"separator-holder separator-left\"><\/span>Rapidit\u00e9<span class=\"separator-holder separator-right\"><\/span><\/div><\/div>[\/vc_column][vc_column width=\u00a0\u00bb1\/3&Prime; css=\u00a0\u00bb.vc_custom_1647338885952{margin-bottom: 40px !important;}\u00a0\u00bb offset=\u00a0\u00bbvc_col-md-4 vc_col-xs-4&Prime;][vc_single_image image=\u00a0\u00bb137&Prime; img_size=\u00a0\u00bb80&#215;80&Prime; alignment=\u00a0\u00bbcenter\u00a0\u00bb]<div class=\"dt-fancy-separator h3-size style-disabled title-color\" style=\"width: 100%;\"><div class=\"dt-fancy-title\"><span class=\"separator-holder separator-left\"><\/span>Flexibilit\u00e9<span class=\"separator-holder separator-right\"><\/span><\/div><\/div>[\/vc_column][\/vc_row][vc_row][vc_column][vc_single_image image=\u00a0\u00bb38&Prime; img_size=\u00a0\u00bbfull\u00a0\u00bb alignment=\u00a0\u00bbcenter\u00a0\u00bb][\/vc_column][\/vc_row]<\/p>\n","protected":false},"excerpt":{"rendered":"<p>[vc_row css=\u00a0\u00bb.vc_custom_1646926267301{margin-top: -70px !important;}\u00a0\u00bb][vc_column][\/vc_column][\/vc_row][vc_row][vc_column el_id=\u00a0\u00bbh1-services\u00a0\u00bb][vc_separator color=\u00a0\u00bbcustom\u00a0\u00bb style=\u00a0\u00bbdashed\u00a0\u00bb border_width=\u00a0\u00bb2&Prime; el_width=\u00a0\u00bb20&Prime; accent_color=\u00a0\u00bb#d36a12&Prime;][\/vc_column][\/vc_row][vc_row][vc_column width=\u00a0\u00bb1\/2&Prime;][vc_single_image image=\u00a0\u00bb751&Prime; img_size=\u00a0\u00bbfull\u00a0\u00bb onclick=\u00a0\u00bbcustom_link\u00a0\u00bb css_animation=\u00a0\u00bbnone\u00a0\u00bb link=\u00a0\u00bbhttps:\/\/newmvm.cs-flow.be\/index.php\/mecanique-generale\/\u00a0\u00bb el_class=\u00a0\u00bbimg-services\u00a0\u00bb][vc_column_text] Agent IVECO et se charge \u00e9galement de l\u2019entretien et de la r\u00e9paration des v\u00e9hicules neufs et d\u2019occasion de toutes marques [\/vc_column_text][\/vc_column][vc_column width=\u00a0\u00bb1\/2&Prime;][vc_single_image image=\u00a0\u00bb103&Prime; img_size=\u00a0\u00bb600&#215;140&Prime; onclick=\u00a0\u00bbcustom_link\u00a0\u00bb css_animation=\u00a0\u00bbnone\u00a0\u00bb link=\u00a0\u00bbhttps:\/\/newmvm.cs-flow.be\/index.php\/mecanique-generale\/\u00a0\u00bb el_class=\u00a0\u00bbimg-services\u00a0\u00bb][vc_column_text] Agent IVECO et se charge \u00e9galement de l\u2019entretien et de&hellip;<\/p>\n","protected":false},"author":2,"featured_media":0,"parent":0,"menu_order":0,"comment_status":"closed","ping_status":"closed","template":"","meta":{"footnotes":""},"class_list":["post-12","page","type-page","status-publish","hentry","description-off"],"_links":{"self":[{"href":"https:\/\/newmvm.cs-flow.be\/index.php\/wp-json\/wp\/v2\/pages\/12","targetHints":{"allow":["GET"]}}],"collection":[{"href":"https:\/\/newmvm.cs-flow.be\/index.php\/wp-json\/wp\/v2\/pages"}],"about":[{"href":"https:\/\/newmvm.cs-flow.be\/index.php\/wp-json\/wp\/v2\/types\/page"}],"author":[{"embeddable":true,"href":"https:\/\/newmvm.cs-flow.be\/index.php\/wp-json\/wp\/v2\/users\/2"}],"replies":[{"embeddable":true,"href":"https:\/\/newmvm.cs-flow.be\/index.php\/wp-json\/wp\/v2\/comments?post=12"}],"version-history":[{"count":82,"href":"https:\/\/newmvm.cs-flow.be\/index.php\/wp-json\/wp\/v2\/pages\/12\/revisions"}],"predecessor-version":[{"id":752,"href":"https:\/\/newmvm.cs-flow.be\/index.php\/wp-json\/wp\/v2\/pages\/12\/revisions\/752"}],"wp:attachment":[{"href":"https:\/\/newmvm.cs-flow.be\/index.php\/wp-json\/wp\/v2\/media?parent=12"}],"curies":[{"name":"wp","href":"https:\/\/api.w.org\/{rel}","templated":true}]}}